{"id":30,"date":"2025-05-05T20:00:03","date_gmt":"2025-05-05T18:00:03","guid":{"rendered":"https:\/\/wilhelm-meyer-architektundmaler.de\/?page_id=30"},"modified":"2025-05-07T01:10:01","modified_gmt":"2025-05-06T23:10:01","slug":"datenschutz","status":"publish","type":"page","link":"https:\/\/wilhelm-meyer-architektundmaler.de\/?page_id=30","title":{"rendered":"Datenschutz"},"content":{"rendered":"\n<div style=\"height:100px\" aria-hidden=\"true\" class=\"wp-block-spacer\"><\/div>\n\n\n\n<h2 class=\"wp-block-heading\"><strong>Datenschutzerkl\u00e4rung (DSGVO-konform, Deutschland, 2025)<\/strong><\/h2>\n\n\n\n<h3 class=\"wp-block-heading\">1. Allgemeine Hinweise<\/h3>\n\n\n\n<p>Der Schutz Ihrer pers\u00f6nlichen Daten ist uns ein besonderes Anliegen. Wir behandeln Ihre personenbezogenen Daten vertraulich und entsprechend der gesetzlichen Datenschutzvorschriften sowie dieser Datenschutzerkl\u00e4rung.<\/p>\n\n\n\n<p>Die folgenden Hinweise geben einen einfachen \u00dcberblick dar\u00fcber, was mit Ihren personenbezogenen Daten passiert, wenn Sie unsere Website besuchen.<\/p>\n\n\n\n<h3 class=\"wp-block-heading\">2. Verantwortliche Stelle<\/h3>\n\n\n\n<p><strong>Name des Websitebetreibers<\/strong><br>Prof. Wilhelm Meyer<br>Architekt und Maler<br>Haasemannstra\u00dfe 11<br>30449 Hannovver<br>Mail: wilhelm.meyer@wilhelm-meyer-architekten.de<\/p>\n\n\n\n<p>Verantwortlich ist die nat\u00fcrliche oder juristische Person, die allein oder gemeinsam mit anderen \u00fcber die Zwecke und Mittel der Verarbeitung von personenbezogenen Daten entscheidet.<\/p>\n\n\n\n<hr class=\"wp-block-separator has-alpha-channel-opacity\"\/>\n\n\n\n<h3 class=\"wp-block-heading\">3. Erhebung und Speicherung personenbezogener Daten<\/h3>\n\n\n\n<h4 class=\"wp-block-heading\">Beim Besuch der Website:<\/h4>\n\n\n\n<p>Beim Aufrufen unserer Website werden durch den Webserver automatisch Informationen erhoben und gespeichert, die Ihr Browser \u00fcbermittelt. Diese Informationen sind:<\/p>\n\n\n\n<ul class=\"wp-block-list\">\n<li>IP-Adresse des anfragenden Ger\u00e4ts<\/li>\n\n\n\n<li>Datum und Uhrzeit des Zugriffs<\/li>\n\n\n\n<li>Name und URL der abgerufenen Datei<\/li>\n\n\n\n<li>Website, von der aus der Zugriff erfolgt<\/li>\n\n\n\n<li>Verwendeter Browser und ggf. das Betriebssystem Ihres Rechners<\/li>\n<\/ul>\n\n\n\n<p>Diese Daten dienen ausschlie\u00dflich der Sicherstellung eines st\u00f6rungsfreien Betriebs der Website und der Verbesserung unseres Angebots. Eine Zusammenf\u00fchrung dieser Daten mit anderen Datenquellen wird nicht vorgenommen.<\/p>\n\n\n\n<p><strong>Rechtsgrundlage:<\/strong> Art. 6 Abs. 1 lit. f DSGVO (berechtigtes Interesse)<\/p>\n\n\n\n<hr class=\"wp-block-separator has-alpha-channel-opacity\"\/>\n\n\n\n<h3 class=\"wp-block-heading\">4. Kontaktformular \/ E-Mail-Kontakt<\/h3>\n\n\n\n<p>Wenn Sie uns per Kontaktformular oder E-Mail Anfragen zukommen lassen, werden Ihre Angaben zur Bearbeitung der Anfrage und f\u00fcr den Fall von Anschlussfragen gespeichert.<\/p>\n\n\n\n<p><strong>Rechtsgrundlage:<\/strong> Art. 6 Abs. 1 lit. b DSGVO (Vertragserf\u00fcllung \/ vorvertragliche Ma\u00dfnahmen)<\/p>\n\n\n\n<hr class=\"wp-block-separator has-alpha-channel-opacity\"\/>\n\n\n\n<h3 class=\"wp-block-heading\">5. Cookies<\/h3>\n\n\n\n<p>Unsere Website verwendet ggf. Cookies. Cookies richten auf Ihrem Rechner keinen Schaden an und enthalten keine Viren. Sie dienen dazu, unser Angebot nutzerfreundlicher und effektiver zu machen.<\/p>\n\n\n\n<p><strong>Rechtsgrundlage:<\/strong> Je nach Art der Cookies \u2013<\/p>\n\n\n\n<ul class=\"wp-block-list\">\n<li>Notwendige Cookies: Art. 6 Abs. 1 lit. f DSGVO<\/li>\n\n\n\n<li>Alle anderen: nur mit Einwilligung (Art. 6 Abs. 1 lit. a DSGVO)<\/li>\n<\/ul>\n\n\n\n<p>Wenn Ihre Website Cookies setzt (z.\u202fB. durch Google Maps, YouTube, Analytics), ben\u00f6tigen Sie <strong>einen Cookie-Banner mit Opt-in-Funktion<\/strong>.<\/p>\n\n\n\n<hr class=\"wp-block-separator has-alpha-channel-opacity\"\/>\n\n\n\n<h3 class=\"wp-block-heading\">6. Ihre Rechte<\/h3>\n\n\n\n<p>Sie haben das Recht auf:<\/p>\n\n\n\n<ul class=\"wp-block-list\">\n<li>Auskunft \u00fcber Ihre gespeicherten Daten<\/li>\n\n\n\n<li>Berichtigung unrichtiger Daten<\/li>\n\n\n\n<li>L\u00f6schung (sofern keine gesetzliche Pflicht besteht)<\/li>\n\n\n\n<li>Einschr\u00e4nkung der Verarbeitung<\/li>\n\n\n\n<li>Daten\u00fcbertragbarkeit<\/li>\n\n\n\n<li>Widerspruch gegen die Verarbeitung<\/li>\n<\/ul>\n\n\n\n<p>Bitte wenden Sie sich dazu an die oben genannte verantwortliche Stelle.<\/p>\n\n\n\n<hr class=\"wp-block-separator has-alpha-channel-opacity\"\/>\n\n\n\n<h3 class=\"wp-block-heading\">7. Beschwerderecht<\/h3>\n\n\n\n<p>Wenn Sie der Ansicht sind, dass die Verarbeitung Ihrer personenbezogenen Daten gegen das Datenschutzrecht verst\u00f6\u00dft, steht Ihnen ein Beschwerderecht bei einer Aufsichtsbeh\u00f6rde zu. In Deutschland ist dies z.\u202fB.:<\/p>\n\n\n\n<p><strong>Der Bundesbeauftragte f\u00fcr den Datenschutz und die Informationsfreiheit (BfDI)<\/strong><br><a>www.bfdi.bund.de<\/a><\/p>\n\n\n\n<hr class=\"wp-block-separator has-alpha-channel-opacity\"\/>\n\n\n\n<h3 class=\"wp-block-heading\">8. SSL-\/TLS-Verschl\u00fcsselung<\/h3>\n\n\n\n<p>Diese Website nutzt aus Sicherheitsgr\u00fcnden eine SSL- bzw. TLS-Verschl\u00fcsselung. Eine verschl\u00fcsselte Verbindung erkennen Sie daran, dass die Adresszeile des Browsers mit \u201ehttps:\/\/\u201c beginnt.<\/p>\n\n\n\n<hr class=\"wp-block-separator has-alpha-channel-opacity\"\/>\n\n\n\n<h3 class=\"wp-block-heading\">9. Aktualit\u00e4t und \u00c4nderung dieser Datenschutzerkl\u00e4rung<\/h3>\n\n\n\n<p>Diese Datenschutzerkl\u00e4rung ist aktuell g\u00fcltig und hat den Stand Mai 2025. Durch die Weiterentwicklung unserer Website oder aufgrund ge\u00e4nderter gesetzlicher Vorgaben kann es notwendig werden, diese Datenschutzerkl\u00e4rung anzupassen.<\/p>\n\n\n\n<p><\/p>\n","protected":false},"excerpt":{"rendered":"<p>Datenschutzerkl\u00e4rung (DSGVO-konform, Deutschland, 2025) 1. Allgemeine Hinweise Der Schutz Ihrer pers\u00f6nlichen Daten ist uns ein besonderes Anliegen. Wir behandeln Ihre personenbezogenen Daten vertraulich und entsprechend der gesetzlichen Datenschutzvorschriften sowie dieser Datenschutzerkl\u00e4rung. Die folgenden Hinweise geben einen einfachen \u00dcberblick dar\u00fcber, was mit Ihren personenbezogenen Daten passiert, wenn Sie unsere Website besuchen. 2. Verantwortliche Stelle Name des [&hellip;]<\/p>\n","protected":false},"author":1,"featured_media":0,"parent":0,"menu_order":0,"comment_status":"closed","ping_status":"closed","template":"","meta":{"_themeisle_gutenberg_block_has_review":false,"footnotes":""},"class_list":["post-30","page","type-page","status-publish","hentry"],"_links":{"self":[{"href":"https:\/\/wilhelm-meyer-architektundmaler.de\/index.php?rest_route=\/wp\/v2\/pages\/30","targetHints":{"allow":["GET"]}}],"collection":[{"href":"https:\/\/wilhelm-meyer-architektundmaler.de\/index.php?rest_route=\/wp\/v2\/pages"}],"about":[{"href":"https:\/\/wilhelm-meyer-architektundmaler.de\/index.php?rest_route=\/wp\/v2\/types\/page"}],"author":[{"embeddable":true,"href":"https:\/\/wilhelm-meyer-architektundmaler.de\/index.php?rest_route=\/wp\/v2\/users\/1"}],"replies":[{"embeddable":true,"href":"https:\/\/wilhelm-meyer-architektundmaler.de\/index.php?rest_route=%2Fwp%2Fv2%2Fcomments&post=30"}],"version-history":[{"count":3,"href":"https:\/\/wilhelm-meyer-architektundmaler.de\/index.php?rest_route=\/wp\/v2\/pages\/30\/revisions"}],"predecessor-version":[{"id":206,"href":"https:\/\/wilhelm-meyer-architektundmaler.de\/index.php?rest_route=\/wp\/v2\/pages\/30\/revisions\/206"}],"wp:attachment":[{"href":"https:\/\/wilhelm-meyer-architektundmaler.de\/index.php?rest_route=%2Fwp%2Fv2%2Fmedia&parent=30"}],"curies":[{"name":"wp","href":"https:\/\/api.w.org\/{rel}","templated":true}]}}