{"id":27,"date":"2025-05-05T19:59:49","date_gmt":"2025-05-05T17:59:49","guid":{"rendered":"https:\/\/wilhelm-meyer-architektundmaler.de\/?page_id=27"},"modified":"2025-05-06T23:57:38","modified_gmt":"2025-05-06T21:57:38","slug":"impressum","status":"publish","type":"page","link":"https:\/\/wilhelm-meyer-architektundmaler.de\/?page_id=27","title":{"rendered":"Impressum"},"content":{"rendered":"\n<div style=\"height:100px\" aria-hidden=\"true\" class=\"wp-block-spacer\"><\/div>\n\n\n\n<p><strong>Vertretungsberechtigter Urheber und Fotograf:<br><\/strong>Prof. Wilhelm Meyer<br>Architekt und Maler<br>Haasemannstra\u00dfe 11<br>30449 Hannover<br>Mail: wilhelm.meyer@wilhelm-meyer-architektundmaler.de<\/p>\n\n\n\n<p><\/p>\n\n\n\n<p>Alle hier gezeigten Arbeiten sowie deren Abbildungen sind urheberrechtlich gesch\u00fctzt. Abdruck,<br>kopieren, speichern auf elektronischen Medien sowie andere Nutzung nur mit ausdr\u00fccklicher<br>Genehmigung des Urhebers.<br>Verantwortlich f\u00fcr den Inhalt laut TDG \u00a76 ist Wilhelm Meyer<\/p>\n\n\n\n<p><\/p>\n\n\n\n<p><strong>Inhalte externer Websites:<br><\/strong>Wilhelm Meyer haftet nicht f\u00fcr Inhalte externer Websites, die mit dieser Website verlinkt sind. F\u00fcr<br>die Inhalte externer Websites sind deren Betreiber verantwortlich.<br>Alle Texte, Bilder und sonstige Materialien in dieser Publikation unterliegen den geltenden<br>Urheberrechtsbestimmungen und d\u00fcrfen nicht ohne schriftliche Genehmigung des Verfassers bzw.<br>des Fotografen verwendet werden<\/p>\n\n\n\n<p><\/p>\n","protected":false},"excerpt":{"rendered":"<p>Vertretungsberechtigter Urheber und Fotograf:Prof. Wilhelm MeyerArchitekt und MalerHaasemannstra\u00dfe 1130449 HannoverMail: wilhelm.meyer@wilhelm-meyer-architektundmaler.de Alle hier gezeigten Arbeiten sowie deren Abbildungen sind urheberrechtlich gesch\u00fctzt. Abdruck,kopieren, speichern auf elektronischen Medien sowie andere Nutzung nur mit ausdr\u00fccklicherGenehmigung des Urhebers.Verantwortlich f\u00fcr den Inhalt laut TDG \u00a76 ist Wilhelm Meyer Inhalte externer Websites:Wilhelm Meyer haftet nicht f\u00fcr Inhalte externer Websites, die mit [&hellip;]<\/p>\n","protected":false},"author":1,"featured_media":0,"parent":0,"menu_order":0,"comment_status":"closed","ping_status":"closed","template":"","meta":{"_themeisle_gutenberg_block_has_review":false,"footnotes":""},"class_list":["post-27","page","type-page","status-publish","hentry"],"_links":{"self":[{"href":"https:\/\/wilhelm-meyer-architektundmaler.de\/index.php?rest_route=\/wp\/v2\/pages\/27","targetHints":{"allow":["GET"]}}],"collection":[{"href":"https:\/\/wilhelm-meyer-architektundmaler.de\/index.php?rest_route=\/wp\/v2\/pages"}],"about":[{"href":"https:\/\/wilhelm-meyer-architektundmaler.de\/index.php?rest_route=\/wp\/v2\/types\/page"}],"author":[{"embeddable":true,"href":"https:\/\/wilhelm-meyer-architektundmaler.de\/index.php?rest_route=\/wp\/v2\/users\/1"}],"replies":[{"embeddable":true,"href":"https:\/\/wilhelm-meyer-architektundmaler.de\/index.php?rest_route=%2Fwp%2Fv2%2Fcomments&post=27"}],"version-history":[{"count":3,"href":"https:\/\/wilhelm-meyer-architektundmaler.de\/index.php?rest_route=\/wp\/v2\/pages\/27\/revisions"}],"predecessor-version":[{"id":171,"href":"https:\/\/wilhelm-meyer-architektundmaler.de\/index.php?rest_route=\/wp\/v2\/pages\/27\/revisions\/171"}],"wp:attachment":[{"href":"https:\/\/wilhelm-meyer-architektundmaler.de\/index.php?rest_route=%2Fwp%2Fv2%2Fmedia&parent=27"}],"curies":[{"name":"wp","href":"https:\/\/api.w.org\/{rel}","templated":true}]}}